{"id":2788,"date":"2025-01-22T12:00:15","date_gmt":"2025-01-22T12:00:15","guid":{"rendered":"https:\/\/langtouncentralchurch.org.uk\/?page_id=2788"},"modified":"2026-02-06T12:10:27","modified_gmt":"2026-02-06T12:10:27","slug":"st-bryce-cafe","status":"publish","type":"page","link":"https:\/\/langtouncentralchurch.org.uk\/?page_id=2788","title":{"rendered":"St. Bryce Caf\u00e9"},"content":{"rendered":"<style>.kb-row-layout-id2788_349dbc-fe > .kt-row-column-wrap{align-content:start;}:where(.kb-row-layout-id2788_349dbc-fe > .kt-row-column-wrap) > .wp-block-kadence-column{justify-content:start;}.kb-row-layout-id2788_349dbc-fe > .kt-row-column-wrap{column-gap:var(--global-kb-gap-md, 2rem);row-gap:var(--global-kb-gap-md, 2rem);padding-top:var(--global-kb-spacing-sm, 1.5rem);padding-bottom:var(--global-kb-spacing-sm, 1.5rem);grid-template-columns:minmax(0, 1fr);}.kb-row-layout-id2788_349dbc-fe > .kt-row-layout-overlay{opacity:0.30;}@media all and (max-width: 1024px){.kb-row-layout-id2788_349dbc-fe > .kt-row-column-wrap{grid-template-columns:minmax(0, 1fr);}}@media all and (max-width: 767px){.kb-row-layout-id2788_349dbc-fe > .kt-row-column-wrap{grid-template-columns:minmax(0, 1fr);}}<\/style><div class=\"kb-row-layout-wrap kb-row-layout-id2788_349dbc-fe alignnone wp-block-kadence-rowlayout\"><div class=\"kt-row-column-wrap kt-has-1-columns kt-row-layout-equal kt-tab-layout-inherit kt-mobile-layout-row kt-row-valign-top\">\n<style>.kadence-column2788_1875a4-14 > .kt-inside-inner-col,.kadence-column2788_1875a4-14 > .kt-inside-inner-col:before{border-top-left-radius:0px;border-top-right-radius:0px;border-bottom-right-radius:0px;border-bottom-left-radius:0px;}.kadence-column2788_1875a4-14 > .kt-inside-inner-col{column-gap:var(--global-kb-gap-sm, 1rem);}.kadence-column2788_1875a4-14 > .kt-inside-inner-col{flex-direction:column;}.kadence-column2788_1875a4-14 > .kt-inside-inner-col > .aligncenter{width:100%;}.kadence-column2788_1875a4-14 > .kt-inside-inner-col:before{opacity:0.3;}.kadence-column2788_1875a4-14{position:relative;}@media all and (max-width: 1024px){.kadence-column2788_1875a4-14 > .kt-inside-inner-col{flex-direction:column;justify-content:center;}}@media all and (max-width: 767px){.kadence-column2788_1875a4-14 > .kt-inside-inner-col{flex-direction:column;justify-content:center;}}<\/style>\n<div class=\"wp-block-kadence-column kadence-column2788_1875a4-14\"><div class=\"kt-inside-inner-col\"><\/div><\/div>\n\n<\/div><\/div>\n\n\n<h2 class=\"wp-block-heading\" style=\"margin-top:var(--wp--preset--spacing--30);margin-right:var(--wp--preset--spacing--30);margin-bottom:var(--wp--preset--spacing--30);margin-left:var(--wp--preset--spacing--30);padding-right:var(--wp--preset--spacing--30);padding-left:var(--wp--preset--spacing--30)\">St. Bryce Caf\u00e9<\/h2>\n\n\n<style>.kadence-column2788_cbba56-fd > .kt-inside-inner-col,.kadence-column2788_cbba56-fd > .kt-inside-inner-col:before{border-top-left-radius:0px;border-top-right-radius:0px;border-bottom-right-radius:0px;border-bottom-left-radius:0px;}.kadence-column2788_cbba56-fd > .kt-inside-inner-col{column-gap:var(--global-kb-gap-sm, 1rem);}.kadence-column2788_cbba56-fd > .kt-inside-inner-col{flex-direction:column;}.kadence-column2788_cbba56-fd > .kt-inside-inner-col > .aligncenter{width:100%;}.kadence-column2788_cbba56-fd > .kt-inside-inner-col:before{opacity:0.3;}.kadence-column2788_cbba56-fd{position:relative;}@media all and (max-width: 1024px){.kadence-column2788_cbba56-fd > .kt-inside-inner-col{flex-direction:column;justify-content:center;}}@media all and (max-width: 767px){.kadence-column2788_cbba56-fd > .kt-inside-inner-col{flex-direction:column;justify-content:center;}}<\/style>\n<div class=\"wp-block-kadence-column kadence-column2788_cbba56-fd\"><div class=\"kt-inside-inner-col\">\n<p style=\"margin-top:var(--wp--preset--spacing--30);margin-right:var(--wp--preset--spacing--30);margin-bottom:var(--wp--preset--spacing--30);margin-left:var(--wp--preset--spacing--30);padding-right:var(--wp--preset--spacing--30);padding-left:var(--wp--preset--spacing--30)\"><strong>Awarded Community Caf\u00e9 of the year Fife 2025!<\/strong><\/p>\n\n\n\n<p style=\"margin-top:var(--wp--preset--spacing--30);margin-right:var(--wp--preset--spacing--30);margin-bottom:var(--wp--preset--spacing--30);margin-left:var(--wp--preset--spacing--30);padding-right:var(--wp--preset--spacing--30);padding-left:var(--wp--preset--spacing--30)\">The St. Bryce Caf\u00e9 is open on <strong>Monday to Thursday<\/strong> between <strong>10am and 2pm<\/strong> for delicious lunches and home baking. Our lunch menu is available from 12 noon until 1.45pm.<\/p>\n\n\n\n<p style=\"margin-top:var(--wp--preset--spacing--30);margin-right:var(--wp--preset--spacing--30);margin-bottom:var(--wp--preset--spacing--30);margin-left:var(--wp--preset--spacing--30);padding-right:var(--wp--preset--spacing--30);padding-left:var(--wp--preset--spacing--30)\"><strong>We cater \u2013 you collect<\/strong><\/p>\n\n\n\n<p style=\"margin-top:var(--wp--preset--spacing--30);margin-right:var(--wp--preset--spacing--30);margin-bottom:var(--wp--preset--spacing--30);margin-left:var(--wp--preset--spacing--30);padding-right:var(--wp--preset--spacing--30);padding-left:var(--wp--preset--spacing--30)\">Our catering service offers a wide range of buffet choices as well as cake platters or even a full sponge cake for you to collect. We can accommodate any budget and will work with you to create a menu that suits your needs.<\/p>\n\n\n\n<p style=\"margin-top:var(--wp--preset--spacing--30);margin-right:var(--wp--preset--spacing--30);margin-bottom:var(--wp--preset--spacing--30);margin-left:var(--wp--preset--spacing--30);padding-right:var(--wp--preset--spacing--30);padding-left:var(--wp--preset--spacing--30)\"><strong>An event in the centre?<\/strong><\/p>\n\n\n\n<p style=\"margin-top:var(--wp--preset--spacing--30);margin-right:var(--wp--preset--spacing--30);margin-bottom:var(--wp--preset--spacing--30);margin-left:var(--wp--preset--spacing--30);padding-right:var(--wp--preset--spacing--30);padding-left:var(--wp--preset--spacing--30)\">We can supply catering for any event in the centre, from our popular homemade soup and sandwiches, to finger buffets or even a 3 course meal. Menus and prices to suit any budget!<\/p>\n\n\n\n<p style=\"margin-top:var(--wp--preset--spacing--30);margin-right:var(--wp--preset--spacing--30);margin-bottom:var(--wp--preset--spacing--30);margin-left:var(--wp--preset--spacing--30);padding-right:var(--wp--preset--spacing--30);padding-left:var(--wp--preset--spacing--30)\">Any enquires regarding catering should be made to our catering manager&nbsp;via the <a href=\"https:\/\/langtouncentralchurch.org.uk\/?page_id=259\" data-type=\"page\" data-id=\"259\">Church office<\/a>.<\/p>\n\n\n<div class=\"wp-block-image\">\n<figure class=\"aligncenter size-full\" style=\"margin-top:var(--wp--preset--spacing--30);margin-right:var(--wp--preset--spacing--30);margin-bottom:var(--wp--preset--spacing--30);margin-left:var(--wp--preset--spacing--30)\"><img loading=\"lazy\" decoding=\"async\" width=\"400\" height=\"300\" src=\"https:\/\/langtouncentralchurch.org.uk\/wp-content\/uploads\/2025\/01\/Picture37.jpg\" alt=\"\" class=\"wp-image-2661\" srcset=\"https:\/\/langtouncentralchurch.org.uk\/wp-content\/uploads\/2025\/01\/Picture37.jpg 400w, https:\/\/langtouncentralchurch.org.uk\/wp-content\/uploads\/2025\/01\/Picture37-300x225.jpg 300w\" sizes=\"auto, (max-width: 400px) 100vw, 400px\" \/><figcaption class=\"wp-element-caption\">The Coffee Bar<\/figcaption><\/figure>\n<\/div><\/div><\/div>\n\n\n<style>.kb-row-layout-id2788_a4fc3e-84 > .kt-row-column-wrap{align-content:start;}:where(.kb-row-layout-id2788_a4fc3e-84 > .kt-row-column-wrap) > .wp-block-kadence-column{justify-content:start;}.kb-row-layout-id2788_a4fc3e-84 > .kt-row-column-wrap{column-gap:var(--global-kb-gap-md, 2rem);row-gap:var(--global-kb-gap-md, 2rem);padding-top:var(--global-kb-spacing-sm, 1.5rem);padding-bottom:var(--global-kb-spacing-sm, 1.5rem);grid-template-columns:repeat(6, minmax(0, 1fr));}.kb-row-layout-id2788_a4fc3e-84 > .kt-row-layout-overlay{opacity:0.30;}@media all and (max-width: 1024px){.kb-row-layout-id2788_a4fc3e-84 > .kt-row-column-wrap{grid-template-columns:repeat(6, minmax(0, 1fr));}}@media all and (max-width: 767px){.kb-row-layout-id2788_a4fc3e-84 > .kt-row-column-wrap{grid-template-columns:minmax(0, 1fr);}}<\/style><div class=\"kb-row-layout-wrap kb-row-layout-id2788_a4fc3e-84 alignnone wp-block-kadence-rowlayout\"><div class=\"kt-row-column-wrap kt-has-6-columns kt-row-layout-equal kt-tab-layout-inherit kt-mobile-layout-row kt-row-valign-top\">\n<style>.kadence-column2788_f0cdeb-0e > .kt-inside-inner-col,.kadence-column2788_f0cdeb-0e > .kt-inside-inner-col:before{border-top-left-radius:0px;border-top-right-radius:0px;border-bottom-right-radius:0px;border-bottom-left-radius:0px;}.kadence-column2788_f0cdeb-0e > .kt-inside-inner-col{column-gap:var(--global-kb-gap-sm, 1rem);}.kadence-column2788_f0cdeb-0e > .kt-inside-inner-col{flex-direction:column;}.kadence-column2788_f0cdeb-0e > .kt-inside-inner-col > .aligncenter{width:100%;}.kadence-column2788_f0cdeb-0e > .kt-inside-inner-col:before{opacity:0.3;}.kadence-column2788_f0cdeb-0e{position:relative;}@media all and (max-width: 1024px){.kadence-column2788_f0cdeb-0e > .kt-inside-inner-col{flex-direction:column;justify-content:center;}}@media all and (max-width: 767px){.kadence-column2788_f0cdeb-0e > .kt-inside-inner-col{flex-direction:column;justify-content:center;}}<\/style>\n<div class=\"wp-block-kadence-column kadence-column2788_f0cdeb-0e\"><div class=\"kt-inside-inner-col\">\n<figure class=\"wp-block-image size-full\" style=\"margin-top:var(--wp--preset--spacing--30);margin-right:var(--wp--preset--spacing--30);margin-bottom:var(--wp--preset--spacing--30);margin-left:var(--wp--preset--spacing--30)\"><img loading=\"lazy\" decoding=\"async\" width=\"400\" height=\"225\" src=\"https:\/\/langtouncentralchurch.org.uk\/wp-content\/uploads\/2025\/01\/millionares_shortbread.jpg\" alt=\"\" class=\"wp-image-2796\" srcset=\"https:\/\/langtouncentralchurch.org.uk\/wp-content\/uploads\/2025\/01\/millionares_shortbread.jpg 400w, https:\/\/langtouncentralchurch.org.uk\/wp-content\/uploads\/2025\/01\/millionares_shortbread-300x169.jpg 300w\" sizes=\"auto, (max-width: 400px) 100vw, 400px\" \/><\/figure>\n<\/div><\/div>\n\n\n<style>.kadence-column2788_3819e4-d8 > .kt-inside-inner-col,.kadence-column2788_3819e4-d8 > .kt-inside-inner-col:before{border-top-left-radius:0px;border-top-right-radius:0px;border-bottom-right-radius:0px;border-bottom-left-radius:0px;}.kadence-column2788_3819e4-d8 > .kt-inside-inner-col{column-gap:var(--global-kb-gap-sm, 1rem);}.kadence-column2788_3819e4-d8 > .kt-inside-inner-col{flex-direction:column;}.kadence-column2788_3819e4-d8 > .kt-inside-inner-col > .aligncenter{width:100%;}.kadence-column2788_3819e4-d8 > .kt-inside-inner-col:before{opacity:0.3;}.kadence-column2788_3819e4-d8{position:relative;}@media all and (max-width: 1024px){.kadence-column2788_3819e4-d8 > .kt-inside-inner-col{flex-direction:column;justify-content:center;}}@media all and (max-width: 767px){.kadence-column2788_3819e4-d8 > .kt-inside-inner-col{flex-direction:column;justify-content:center;}}<\/style>\n<div class=\"wp-block-kadence-column kadence-column2788_3819e4-d8\"><div class=\"kt-inside-inner-col\">\n<figure class=\"wp-block-image size-full\" style=\"margin-top:var(--wp--preset--spacing--30);margin-right:var(--wp--preset--spacing--30);margin-bottom:var(--wp--preset--spacing--30);margin-left:var(--wp--preset--spacing--30)\"><img loading=\"lazy\" decoding=\"async\" width=\"400\" height=\"225\" src=\"https:\/\/langtouncentralchurch.org.uk\/wp-content\/uploads\/2025\/01\/homemade_scones.jpg\" alt=\"\" class=\"wp-image-2795\" srcset=\"https:\/\/langtouncentralchurch.org.uk\/wp-content\/uploads\/2025\/01\/homemade_scones.jpg 400w, https:\/\/langtouncentralchurch.org.uk\/wp-content\/uploads\/2025\/01\/homemade_scones-300x169.jpg 300w\" sizes=\"auto, (max-width: 400px) 100vw, 400px\" \/><\/figure>\n<\/div><\/div>\n\n\n<style>.kadence-column2788_92067e-47 > .kt-inside-inner-col,.kadence-column2788_92067e-47 > .kt-inside-inner-col:before{border-top-left-radius:0px;border-top-right-radius:0px;border-bottom-right-radius:0px;border-bottom-left-radius:0px;}.kadence-column2788_92067e-47 > .kt-inside-inner-col{column-gap:var(--global-kb-gap-sm, 1rem);}.kadence-column2788_92067e-47 > .kt-inside-inner-col{flex-direction:column;}.kadence-column2788_92067e-47 > .kt-inside-inner-col > .aligncenter{width:100%;}.kadence-column2788_92067e-47 > .kt-inside-inner-col:before{opacity:0.3;}.kadence-column2788_92067e-47{position:relative;}@media all and (max-width: 1024px){.kadence-column2788_92067e-47 > .kt-inside-inner-col{flex-direction:column;justify-content:center;}}@media all and (max-width: 767px){.kadence-column2788_92067e-47 > .kt-inside-inner-col{flex-direction:column;justify-content:center;}}<\/style>\n<div class=\"wp-block-kadence-column kadence-column2788_92067e-47\"><div class=\"kt-inside-inner-col\">\n<figure class=\"wp-block-image size-full\" style=\"margin-top:var(--wp--preset--spacing--30);margin-right:var(--wp--preset--spacing--30);margin-bottom:var(--wp--preset--spacing--30);margin-left:var(--wp--preset--spacing--30)\"><img loading=\"lazy\" decoding=\"async\" width=\"400\" height=\"225\" src=\"https:\/\/langtouncentralchurch.org.uk\/wp-content\/uploads\/2025\/01\/cupcakes.jpg\" alt=\"\" class=\"wp-image-2794\" srcset=\"https:\/\/langtouncentralchurch.org.uk\/wp-content\/uploads\/2025\/01\/cupcakes.jpg 400w, https:\/\/langtouncentralchurch.org.uk\/wp-content\/uploads\/2025\/01\/cupcakes-300x169.jpg 300w\" sizes=\"auto, (max-width: 400px) 100vw, 400px\" \/><\/figure>\n<\/div><\/div>\n\n\n<style>.kadence-column2788_f6952d-f6 > .kt-inside-inner-col,.kadence-column2788_f6952d-f6 > .kt-inside-inner-col:before{border-top-left-radius:0px;border-top-right-radius:0px;border-bottom-right-radius:0px;border-bottom-left-radius:0px;}.kadence-column2788_f6952d-f6 > .kt-inside-inner-col{column-gap:var(--global-kb-gap-sm, 1rem);}.kadence-column2788_f6952d-f6 > .kt-inside-inner-col{flex-direction:column;}.kadence-column2788_f6952d-f6 > .kt-inside-inner-col > .aligncenter{width:100%;}.kadence-column2788_f6952d-f6 > .kt-inside-inner-col:before{opacity:0.3;}.kadence-column2788_f6952d-f6{position:relative;}@media all and (max-width: 1024px){.kadence-column2788_f6952d-f6 > .kt-inside-inner-col{flex-direction:column;justify-content:center;}}@media all and (max-width: 767px){.kadence-column2788_f6952d-f6 > .kt-inside-inner-col{flex-direction:column;justify-content:center;}}<\/style>\n<div class=\"wp-block-kadence-column kadence-column2788_f6952d-f6\"><div class=\"kt-inside-inner-col\">\n<figure class=\"wp-block-image size-full\" style=\"margin-top:var(--wp--preset--spacing--30);margin-right:var(--wp--preset--spacing--30);margin-bottom:var(--wp--preset--spacing--30);margin-left:var(--wp--preset--spacing--30)\"><img loading=\"lazy\" decoding=\"async\" width=\"400\" height=\"266\" src=\"https:\/\/langtouncentralchurch.org.uk\/wp-content\/uploads\/2025\/01\/coffee_bar2.jpg\" alt=\"\" class=\"wp-image-2793\" srcset=\"https:\/\/langtouncentralchurch.org.uk\/wp-content\/uploads\/2025\/01\/coffee_bar2.jpg 400w, https:\/\/langtouncentralchurch.org.uk\/wp-content\/uploads\/2025\/01\/coffee_bar2-300x200.jpg 300w\" sizes=\"auto, (max-width: 400px) 100vw, 400px\" \/><\/figure>\n<\/div><\/div>\n\n\n<style>.kadence-column2788_9a6571-37 > .kt-inside-inner-col,.kadence-column2788_9a6571-37 > .kt-inside-inner-col:before{border-top-left-radius:0px;border-top-right-radius:0px;border-bottom-right-radius:0px;border-bottom-left-radius:0px;}.kadence-column2788_9a6571-37 > .kt-inside-inner-col{column-gap:var(--global-kb-gap-sm, 1rem);}.kadence-column2788_9a6571-37 > .kt-inside-inner-col{flex-direction:column;}.kadence-column2788_9a6571-37 > .kt-inside-inner-col > .aligncenter{width:100%;}.kadence-column2788_9a6571-37 > .kt-inside-inner-col:before{opacity:0.3;}.kadence-column2788_9a6571-37{position:relative;}@media all and (max-width: 1024px){.kadence-column2788_9a6571-37 > .kt-inside-inner-col{flex-direction:column;justify-content:center;}}@media all and (max-width: 767px){.kadence-column2788_9a6571-37 > .kt-inside-inner-col{flex-direction:column;justify-content:center;}}<\/style>\n<div class=\"wp-block-kadence-column kadence-column2788_9a6571-37\"><div class=\"kt-inside-inner-col\">\n<figure class=\"wp-block-image size-full\" style=\"margin-top:var(--wp--preset--spacing--30);margin-right:var(--wp--preset--spacing--30);margin-bottom:var(--wp--preset--spacing--30);margin-left:var(--wp--preset--spacing--30)\"><img loading=\"lazy\" decoding=\"async\" width=\"400\" height=\"225\" src=\"https:\/\/langtouncentralchurch.org.uk\/wp-content\/uploads\/2025\/01\/cake_display.jpg\" alt=\"\" class=\"wp-image-2792\" srcset=\"https:\/\/langtouncentralchurch.org.uk\/wp-content\/uploads\/2025\/01\/cake_display.jpg 400w, https:\/\/langtouncentralchurch.org.uk\/wp-content\/uploads\/2025\/01\/cake_display-300x169.jpg 300w\" sizes=\"auto, (max-width: 400px) 100vw, 400px\" \/><\/figure>\n<\/div><\/div>\n\n\n<style>.kadence-column2788_ad7420-b4 > .kt-inside-inner-col,.kadence-column2788_ad7420-b4 > .kt-inside-inner-col:before{border-top-left-radius:0px;border-top-right-radius:0px;border-bottom-right-radius:0px;border-bottom-left-radius:0px;}.kadence-column2788_ad7420-b4 > .kt-inside-inner-col{column-gap:var(--global-kb-gap-sm, 1rem);}.kadence-column2788_ad7420-b4 > .kt-inside-inner-col{flex-direction:column;}.kadence-column2788_ad7420-b4 > .kt-inside-inner-col > .aligncenter{width:100%;}.kadence-column2788_ad7420-b4 > .kt-inside-inner-col:before{opacity:0.3;}.kadence-column2788_ad7420-b4{position:relative;}@media all and (max-width: 1024px){.kadence-column2788_ad7420-b4 > .kt-inside-inner-col{flex-direction:column;justify-content:center;}}@media all and (max-width: 767px){.kadence-column2788_ad7420-b4 > .kt-inside-inner-col{flex-direction:column;justify-content:center;}}<\/style>\n<div class=\"wp-block-kadence-column kadence-column2788_ad7420-b4\"><div class=\"kt-inside-inner-col\">\n<figure class=\"wp-block-image size-full\" style=\"margin-top:var(--wp--preset--spacing--30);margin-right:var(--wp--preset--spacing--30);margin-bottom:var(--wp--preset--spacing--30);margin-left:var(--wp--preset--spacing--30)\"><img loading=\"lazy\" decoding=\"async\" width=\"400\" height=\"300\" src=\"https:\/\/langtouncentralchurch.org.uk\/wp-content\/uploads\/2025\/01\/11403453_667166293430161_3423839276424222744_n.jpg\" alt=\"\" class=\"wp-image-2791\" srcset=\"https:\/\/langtouncentralchurch.org.uk\/wp-content\/uploads\/2025\/01\/11403453_667166293430161_3423839276424222744_n.jpg 400w, https:\/\/langtouncentralchurch.org.uk\/wp-content\/uploads\/2025\/01\/11403453_667166293430161_3423839276424222744_n-300x225.jpg 300w\" sizes=\"auto, (max-width: 400px) 100vw, 400px\" \/><\/figure>\n<\/div><\/div>\n\n<\/div><\/div>\n\n<style>.wp-block-kadence-advancedbtn.kb-btns2788_20a364-9e{gap:var(--global-kb-gap-xs, 0.5rem );justify-content:flex-start;align-items:center;}.kt-btns2788_20a364-9e .kt-button{font-weight:normal;font-style:normal;}.kt-btns2788_20a364-9e .kt-btn-wrap-0{margin-right:5px;}.wp-block-kadence-advancedbtn.kt-btns2788_20a364-9e .kt-btn-wrap-0 .kt-button{color:#555555;border-color:#555555;}.wp-block-kadence-advancedbtn.kt-btns2788_20a364-9e .kt-btn-wrap-0 .kt-button:hover, .wp-block-kadence-advancedbtn.kt-btns2788_20a364-9e .kt-btn-wrap-0 .kt-button:focus{color:#ffffff;border-color:#444444;}.wp-block-kadence-advancedbtn.kt-btns2788_20a364-9e .kt-btn-wrap-0 .kt-button::before{display:none;}.wp-block-kadence-advancedbtn.kt-btns2788_20a364-9e .kt-btn-wrap-0 .kt-button:hover, .wp-block-kadence-advancedbtn.kt-btns2788_20a364-9e .kt-btn-wrap-0 .kt-button:focus{background:#444444;}<\/style>\n<div class=\"wp-block-kadence-advancedbtn kb-buttons-wrap kb-btns2788_20a364-9e\"><style>ul.menu .wp-block-kadence-advancedbtn .kb-btn2788_ad3fb9-bf.kb-button{width:initial;}.wp-block-kadence-advancedbtn .kb-btn2788_ad3fb9-bf.kb-button{margin-left:var(--global-kb-spacing-xs, 1rem);}<\/style><a class=\"kb-button kt-button button kb-btn2788_ad3fb9-bf kt-btn-size-standard kt-btn-width-type-auto kb-btn-global-fill  kt-btn-has-text-true kt-btn-has-svg-false  wp-block-kadence-singlebtn\" href=\"https:\/\/www.facebook.com\/stbrycecafe\/\"><span class=\"kt-btn-inner-text\">Caf\u00e9 Facebook<\/span><\/a><\/div>\n\n\n\n<div id=\"fb-root\"><\/div>\n<script async defer crossorigin=\"anonymous\" src=\"https:\/\/connect.facebook.net\/en_GB\/sdk.js#xfbml=1&#038;version=v10.0\" nonce=\"eh8FqyS8\"><\/script>\n\n\n\n<!-- Embedded Facebook Timeline -->\n<div class=\"fb-page\" data-href=\"https:\/\/www.facebook.com\/stbrycecafe\" data-tabs=\"timeline\" data-width=\"550\" data-height=\"450\" data-small-header=\"true\" data-adapt-container-width=\"false\" data-hide-cover=\"true\" data-show-facepile=\"false\"  data-allowfullscreen=\"true\"><\/div>\n\n\n<style>.wp-block-kadence-spacer.kt-block-spacer-2788_26ab4c-a4 .kt-block-spacer{height:60px;}.wp-block-kadence-spacer.kt-block-spacer-2788_26ab4c-a4 .kt-divider{border-top-width:1px;height:1px;border-top-color:#eee;width:80%;border-top-style:solid;}<\/style>\n<div class=\"wp-block-kadence-spacer aligncenter kt-block-spacer-2788_26ab4c-a4\"><div class=\"kt-block-spacer kt-block-spacer-halign-center\"><hr class=\"kt-divider\"\/><\/div><\/div>\n\n\n<style>.kadence-column2788_19deaf-5c > .kt-inside-inner-col,.kadence-column2788_19deaf-5c > .kt-inside-inner-col:before{border-top-left-radius:0px;border-top-right-radius:0px;border-bottom-right-radius:0px;border-bottom-left-radius:0px;}.kadence-column2788_19deaf-5c > .kt-inside-inner-col{column-gap:var(--global-kb-gap-sm, 1rem);}.kadence-column2788_19deaf-5c > .kt-inside-inner-col{flex-direction:column;}.kadence-column2788_19deaf-5c > .kt-inside-inner-col > .aligncenter{width:100%;}.kadence-column2788_19deaf-5c > .kt-inside-inner-col:before{opacity:0.3;}.kadence-column2788_19deaf-5c{position:relative;}.kadence-column2788_19deaf-5c, .kt-inside-inner-col > .kadence-column2788_19deaf-5c:not(.specificity){margin-left:var(--global-kb-spacing-xs, 1rem);}@media all and (max-width: 1024px){.kadence-column2788_19deaf-5c > .kt-inside-inner-col{flex-direction:column;justify-content:center;}}@media all and (max-width: 767px){.kadence-column2788_19deaf-5c > .kt-inside-inner-col{flex-direction:column;justify-content:center;}}<\/style>\n<div class=\"wp-block-kadence-column kadence-column2788_19deaf-5c\"><div class=\"kt-inside-inner-col\"><input type=\"button\" value=\"Go back\" class=\"alg_back_button_input \" style=\"\" onclick=\"window.history.back()\" \/>\n<\/div><\/div>\n","protected":false},"excerpt":{"rendered":"<p>St. Bryce Caf\u00e9 Awarded Community Caf\u00e9 of the year Fife 2025! The St. Bryce Caf\u00e9 is open on Monday to Thursday between 10am and 2pm for delicious lunches and home&#8230;<\/p>\n","protected":false},"author":1,"featured_media":2802,"parent":0,"menu_order":0,"comment_status":"closed","ping_status":"closed","template":"","meta":{"give_campaign_id":0,"_EventAllDay":false,"_EventTimezone":"","_EventStartDate":"","_EventEndDate":"","_EventStartDateUTC":"","_EventEndDateUTC":"","_EventShowMap":false,"_EventShowMapLink":false,"_EventURL":"","_EventCost":"","_EventCostDescription":"","_EventCurrencySymbol":"","_EventCurrencyCode":"","_EventCurrencyPosition":"","_EventDateTimeSeparator":"","_EventTimeRangeSeparator":"","_EventOrganizerID":[],"_EventVenueID":[],"_OrganizerEmail":"","_OrganizerPhone":"","_OrganizerWebsite":"","_VenueAddress":"","_VenueCity":"","_VenueCountry":"","_VenueProvince":"","_VenueState":"","_VenueZip":"","_VenuePhone":"","_VenueURL":"","_VenueStateProvince":"","_VenueLat":"","_VenueLng":"","_VenueShowMap":false,"_VenueShowMapLink":false,"_kadence_starter_templates_imported_post":false,"_kad_post_transparent":"","_kad_post_title":"show","_kad_post_layout":"","_kad_post_sidebar_id":"","_kad_post_content_style":"","_kad_post_vertical_padding":"","_kad_post_feature":"show","_kad_post_feature_position":"behind","_kad_post_header":false,"_kad_post_footer":false,"_kad_post_classname":"","footnotes":""},"class_list":["post-2788","page","type-page","status-publish","has-post-thumbnail","hentry"],"campaignId":"","_links":{"self":[{"href":"https:\/\/langtouncentralchurch.org.uk\/index.php?rest_route=\/wp\/v2\/pages\/2788","targetHints":{"allow":["GET"]}}],"collection":[{"href":"https:\/\/langtouncentralchurch.org.uk\/index.php?rest_route=\/wp\/v2\/pages"}],"about":[{"href":"https:\/\/langtouncentralchurch.org.uk\/index.php?rest_route=\/wp\/v2\/types\/page"}],"author":[{"embeddable":true,"href":"https:\/\/langtouncentralchurch.org.uk\/index.php?rest_route=\/wp\/v2\/users\/1"}],"replies":[{"embeddable":true,"href":"https:\/\/langtouncentralchurch.org.uk\/index.php?rest_route=%2Fwp%2Fv2%2Fcomments&post=2788"}],"version-history":[{"count":20,"href":"https:\/\/langtouncentralchurch.org.uk\/index.php?rest_route=\/wp\/v2\/pages\/2788\/revisions"}],"predecessor-version":[{"id":7104,"href":"https:\/\/langtouncentralchurch.org.uk\/index.php?rest_route=\/wp\/v2\/pages\/2788\/revisions\/7104"}],"wp:featuredmedia":[{"embeddable":true,"href":"https:\/\/langtouncentralchurch.org.uk\/index.php?rest_route=\/wp\/v2\/media\/2802"}],"wp:attachment":[{"href":"https:\/\/langtouncentralchurch.org.uk\/index.php?rest_route=%2Fwp%2Fv2%2Fmedia&parent=2788"}],"curies":[{"name":"wp","href":"https:\/\/api.w.org\/{rel}","templated":true}]}}